{"id":1026,"date":"2023-07-21T16:06:43","date_gmt":"2023-07-21T14:06:43","guid":{"rendered":"https:\/\/cowelder.com\/cs\/?page_id=1026"},"modified":"2023-10-06T09:10:33","modified_gmt":"2023-10-06T07:10:33","slug":"vseobecne-obchodni-podminky","status":"publish","type":"page","link":"https:\/\/cowelder.com\/cs\/vseobecne-obchodni-podminky\/","title":{"rendered":"V\u0161eobecn\u00e9 obchodn\u00ed podm\u00ednky"},"content":{"rendered":"","protected":false},"excerpt":{"rendered":"","protected":false},"author":1,"featured_media":0,"parent":0,"menu_order":0,"comment_status":"closed","ping_status":"closed","template":"","meta":{"_acf_changed":false,"footnotes":""},"class_list":["post-1026","page","type-page","status-publish","hentry"],"acf":[],"_links":{"self":[{"href":"https:\/\/cowelder.com\/cs\/wp-json\/wp\/v2\/pages\/1026","targetHints":{"allow":["GET"]}}],"collection":[{"href":"https:\/\/cowelder.com\/cs\/wp-json\/wp\/v2\/pages"}],"about":[{"href":"https:\/\/cowelder.com\/cs\/wp-json\/wp\/v2\/types\/page"}],"author":[{"embeddable":true,"href":"https:\/\/cowelder.com\/cs\/wp-json\/wp\/v2\/users\/1"}],"replies":[{"embeddable":true,"href":"https:\/\/cowelder.com\/cs\/wp-json\/wp\/v2\/comments?post=1026"}],"version-history":[{"count":4,"href":"https:\/\/cowelder.com\/cs\/wp-json\/wp\/v2\/pages\/1026\/revisions"}],"predecessor-version":[{"id":1371,"href":"https:\/\/cowelder.com\/cs\/wp-json\/wp\/v2\/pages\/1026\/revisions\/1371"}],"wp:attachment":[{"href":"https:\/\/cowelder.com\/cs\/wp-json\/wp\/v2\/media?parent=1026"}],"curies":[{"name":"wp","href":"https:\/\/api.w.org\/{rel}","templated":true}]}}