{"id":1212,"date":"2023-08-30T07:23:37","date_gmt":"2023-08-30T05:23:37","guid":{"rendered":"https:\/\/cowelder.com\/cs\/?page_id=1212"},"modified":"2023-09-28T07:23:34","modified_gmt":"2023-09-28T05:23:34","slug":"zasady-ochrany-osobnich-udaju","status":"publish","type":"page","link":"https:\/\/cowelder.com\/cs\/zasady-ochrany-osobnich-udaju\/","title":{"rendered":"Z\u00e1sady ochrany osobn\u00edch \u00fadaj\u016f"},"content":{"rendered":"\n<p><strong>Ochrana osobn\u00edch \u00fadaj\u016f pro CoWelder<\/strong><\/p>\n\n\n\n<p><strong>Platnost od:<\/strong> 25\/05\/2018<\/p>\n\n\n\n<h2 class=\"wp-block-heading\">1. \u00davod<\/h2>\n\n\n\n<p>V\u00edtejte u CoWelder. Tato ochrana osobn\u00edch \u00fadaj\u016f popisuje, jak\u00e9 typy osobn\u00edch \u00fadaj\u016f sb\u00edr\u00e1me a jak je pou\u017e\u00edv\u00e1me, sd\u00edl\u00edme a chr\u00e1n\u00edme.<\/p>\n\n\n\n<h2 class=\"wp-block-heading\">2. Spr\u00e1vce dat<\/h2>\n\n\n\n<p>Spr\u00e1vce dat tohoto webu je:<\/p>\n\n\n\n<p><strong>Migatronic A\/S<\/strong><br>Identifika\u010dn\u00ed \u010d\u00edslo (CVR): 34485216<br>Aggersundvej 33<br>9690 Fjerritslev<br>D\u00e1nsko<br>Telefon: +45 96 500 600<br>Email: <a href=\"mailto:sales@migatronic.dk\">sales@migatronic.dk<\/a><br>Webov\u00e9 str\u00e1nky: <a href=\"http:\/\/www.migatronic.com\/\" target=\"_blank\" rel=\"noopener\">www.migatronic.com<\/a><\/p>\n\n\n\n<h2 class=\"wp-block-heading\">3. Osobn\u00ed \u00fadaje, kter\u00e9 sb\u00edr\u00e1me<\/h2>\n\n\n\n<p>Kdy\u017e nav\u0161t\u011bvujete na\u0161e webov\u00e9 str\u00e1nky nebo vyu\u017e\u00edv\u00e1te na\u0161e slu\u017eby, m\u016f\u017eeme shroma\u017e\u010fovat n\u00e1sleduj\u00edc\u00ed typy osobn\u00edch \u00fadaj\u016f:<\/p>\n\n\n\n<ul class=\"wp-block-list\">\n<li><strong>Kontaktn\u00ed informace:<\/strong> Jako je va\u0161e jm\u00e9no, e-mailov\u00e1 adresa, n\u00e1zev firmy a telefonn\u00ed \u010d\u00edslo.<\/li>\n\n\n\n<li><strong>Data o vyu\u017eit\u00ed:<\/strong> Informace o tom, jak pou\u017e\u00edv\u00e1te na\u0161e webov\u00e9 str\u00e1nky.<\/li>\n\n\n\n<li><strong>Cookies a sledov\u00e1n\u00ed:<\/strong> Pou\u017e\u00edv\u00e1me cookies, Google Analytics, Google Ads, Google Tag Manager, integraci Microsoft CRM (Click Dimensions) a Facebook Pixel k sledov\u00e1n\u00ed aktivit u\u017eivatel\u016f a shroma\u017e\u010fov\u00e1n\u00ed dat.<\/li>\n<\/ul>\n\n\n\n<h2 class=\"wp-block-heading\">4. Jak pou\u017e\u00edv\u00e1me va\u0161e \u00fadaje<\/h2>\n\n\n\n<ul class=\"wp-block-list\">\n<li><strong>Prodej a podpora:<\/strong> K pomoci u\u017eivatel\u016fm, kte\u0159\u00ed n\u00e1s kontaktuj\u00ed prost\u0159ednictv\u00edm na\u0161ich kontaktn\u00edch formul\u00e1\u0159\u016f ohledn\u011b prodejn\u00edch dotaz\u016f.<\/li>\n\n\n\n<li><strong>Marketing:<\/strong> Pokud je d\u00e1no konkr\u00e9tn\u00ed souhlas, pou\u017e\u00edv\u00e1me shrom\u00e1\u017ed\u011bn\u00e1 data (jako jsou e-maily, jm\u00e9na, n\u00e1zvy firem) k marketingu CoWelder k u\u017eivatel\u016fm.<\/li>\n\n\n\n<li><strong>U\u017eivatelsk\u00fd z\u00e1\u017eitek:<\/strong> Analyzujeme u\u017eivatelsk\u00e1 data k vylep\u0161en\u00ed u\u017eivatelsk\u00e9ho z\u00e1\u017eitku na na\u0161em webu.<\/li>\n<\/ul>\n\n\n\n<h2 class=\"wp-block-heading\">5. Sd\u00edlen\u00ed dat<\/h2>\n\n\n\n<p>Sd\u00edl\u00edme u\u017eivatelsk\u00e1 data s t\u0159et\u00edmi stranami, jako je Google (pro Analytics, Ads a Tag Manager), Microsoft CRM (Click Dimensions) a Facebook (Pixel) pro v\u00fd\u0161e uveden\u00e9 \u00fa\u010dely.<\/p>\n\n\n\n<h2 class=\"wp-block-heading\">6. Uchov\u00e1n\u00ed dat<\/h2>\n\n\n\n<p>Uchov\u00e1v\u00e1me u\u017eivatelsk\u00e1 data tak dlouho, jak je nutn\u00e9 pro spln\u011bn\u00ed \u00fa\u010del\u016f, pro kter\u00e9 byla shrom\u00e1\u017ed\u011bna, nebo jak je vy\u017eadov\u00e1no p\u0159\u00edslu\u0161n\u00fdmi z\u00e1kony nebo na\u0159\u00edzen\u00edmi.<\/p>\n\n\n\n<h2 class=\"wp-block-heading\">7. Pr\u00e1va u\u017eivatel\u016f<\/h2>\n\n\n\n<p>U\u017eivatel\u00e9 maj\u00ed pr\u00e1vo:<\/p>\n\n\n\n<ul class=\"wp-block-list\">\n<li>P\u0159\u00edstup k osobn\u00edm \u00fadaj\u016fm, kter\u00e9 o nich m\u00e1me.<\/li>\n\n\n\n<li>Po\u017e\u00e1dat o opravu jak\u00fdchkoli nespr\u00e1vn\u00fdch nebo ne\u00fapln\u00fdch \u00fadaj\u016f, kter\u00e9 o nich m\u00e1me.<\/li>\n\n\n\n<li>Po\u017e\u00e1dat o smaz\u00e1n\u00ed sv\u00fdch osobn\u00edch \u00fadaj\u016f.<\/li>\n\n\n\n<li>Nam\u00edtat proti zpracov\u00e1n\u00ed sv\u00fdch osobn\u00edch \u00fadaj\u016f n\u00e1mi.<\/li>\n<\/ul>\n\n\n\n<p>Pro uplatn\u011bn\u00ed t\u011bchto pr\u00e1v mohou u\u017eivatel\u00e9 kontaktovat n\u00e1s na v\u00fd\u0161e uvedenou e-mailovou adresu.<\/p>\n\n\n\n<h2 class=\"wp-block-heading\">8. Zabezpe\u010den\u00ed dat<\/h2>\n\n\n\n<p>Podnik\u00e1me p\u0159im\u011b\u0159en\u00e1 opat\u0159en\u00ed k ochran\u011b u\u017eivatelsk\u00fdch dat p\u0159ed neopr\u00e1vn\u011bn\u00fdm p\u0159\u00edstupem, zm\u011bnou, zve\u0159ejn\u011bn\u00edm nebo zni\u010den\u00edm.<\/p>\n\n\n\n<h2 class=\"wp-block-heading\">9. Data d\u011bt\u00ed<\/h2>\n\n\n\n<p>Nez\u00edsk\u00e1v\u00e1me v\u011bdom\u011b data od d\u011bt\u00ed mlad\u0161\u00edch 13 let.<\/p>\n\n\n\n<h2 class=\"wp-block-heading\">10. Mezin\u00e1rodn\u00ed p\u0159enosy dat<\/h2>\n\n\n\n<p>V sou\u010dasn\u00e9 dob\u011b nep\u0159en\u00e1\u0161\u00edme osobn\u00ed \u00fadaje p\u0159es mezin\u00e1rodn\u00ed hranice.<\/p>\n\n\n\n<h2 class=\"wp-block-heading\">11. Aktualizace ochrany osobn\u00edch \u00fadaj\u016f<\/h2>\n\n\n\n<p>Jak\u00e9koliv zm\u011bny, kter\u00e9 v budoucnu provedeme v na\u0161\u00ed ochran\u011b osobn\u00edch \u00fadaj\u016f, budou zve\u0159ejn\u011bny na t\u00e9to str\u00e1nce. U\u017eivatel\u016fm doporu\u010dujeme pravideln\u011b kontrolovat tuto str\u00e1nku kv\u016fli mo\u017en\u00fdm zm\u011bn\u00e1m.<\/p>\n","protected":false},"excerpt":{"rendered":"<p>Ochrana osobn\u00edch \u00fadaj\u016f pro CoWelder Platnost od: 25\/05\/2018 1. \u00davod V\u00edtejte u CoWelder. Tato ochrana osobn\u00edch \u00fadaj\u016f popisuje, jak\u00e9 typy osobn\u00edch \u00fadaj\u016f sb\u00edr\u00e1me a jak je pou\u017e\u00edv\u00e1me, sd\u00edl\u00edme a chr\u00e1n\u00edme. 2. Spr\u00e1vce dat Spr\u00e1vce dat tohoto webu je: Migatronic A\/SIdentifika\u010dn\u00ed \u010d\u00edslo (CVR): 34485216Aggersundvej 339690 FjerritslevD\u00e1nskoTelefon: +45 96 500 600Email: sales@migatronic.dkWebov\u00e9 [&hellip;]<\/p>\n","protected":false},"author":1,"featured_media":0,"parent":0,"menu_order":0,"comment_status":"closed","ping_status":"closed","template":"","meta":{"_acf_changed":false,"footnotes":""},"class_list":["post-1212","page","type-page","status-publish","hentry"],"acf":[],"_links":{"self":[{"href":"https:\/\/cowelder.com\/cs\/wp-json\/wp\/v2\/pages\/1212","targetHints":{"allow":["GET"]}}],"collection":[{"href":"https:\/\/cowelder.com\/cs\/wp-json\/wp\/v2\/pages"}],"about":[{"href":"https:\/\/cowelder.com\/cs\/wp-json\/wp\/v2\/types\/page"}],"author":[{"embeddable":true,"href":"https:\/\/cowelder.com\/cs\/wp-json\/wp\/v2\/users\/1"}],"replies":[{"embeddable":true,"href":"https:\/\/cowelder.com\/cs\/wp-json\/wp\/v2\/comments?post=1212"}],"version-history":[{"count":7,"href":"https:\/\/cowelder.com\/cs\/wp-json\/wp\/v2\/pages\/1212\/revisions"}],"predecessor-version":[{"id":1361,"href":"https:\/\/cowelder.com\/cs\/wp-json\/wp\/v2\/pages\/1212\/revisions\/1361"}],"wp:attachment":[{"href":"https:\/\/cowelder.com\/cs\/wp-json\/wp\/v2\/media?parent=1212"}],"curies":[{"name":"wp","href":"https:\/\/api.w.org\/{rel}","templated":true}]}}