{"id":1343,"date":"2023-09-26T10:31:35","date_gmt":"2023-09-26T08:31:35","guid":{"rendered":"https:\/\/cowelder.com\/de\/?page_id=1343"},"modified":"2025-04-08T09:23:16","modified_gmt":"2025-04-08T07:23:16","slug":"impressum","status":"publish","type":"page","link":"https:\/\/cowelder.com\/de\/impressum\/","title":{"rendered":"Impressum"},"content":{"rendered":"<p>Die Inhalte dieser Seiten werden Ihnen zum Zwecke der Information zu unseren Produkten und Dienstleistungen zur Verf\u00fcgung gestellt von:<\/p>\n<p><strong>MIGATRONIC Schwei\u00dfmaschinen GmbH<\/strong><br \/>\nSandusweg 12<br \/>\n35435 Wettenberg-Launsbach<br \/>\nDeutschland<br \/>\nTelefon: <a href=\"tel:+49641982840\">+49 641 98284 0<\/a><br \/>\nTelefax: <a href=\"tel:+496419828450\" target=\"_blank\" rel=\"noopener\">+49 641 98284 50<\/a><\/p>\n<p>E-Mail: <a href=\"mailto:info@migatronic.de\">info@migatronic.de<\/a><\/p>\n<h2>Information<\/h2>\n<ul>\n<li>Vertretungsberechtigte Gesch\u00e4ftsf\u00fchrer: J\u00f8rn Kresten Roed<\/li>\n<li><span style=\"font-size: revert; color: initial;\">Registergericht: Amtsgericht Gie\u00dfen<\/span><\/li>\n<li><span style=\"font-size: revert; color: initial;\">Registernummer: HRB 777<\/span><\/li>\n<li><span style=\"font-size: revert; color: initial;\">Umsatzsteuer-Identifikationsnummer gem\u00e4\u00df \u00a7 27a Umsatzsteuergesetz: DE 112623126<\/span><\/li>\n<li><span style=\"font-size: revert; color: initial;\">WEEE-Registrierungs-Nr.: DE 49727347<\/span><\/li>\n<\/ul>\n<h3>Haftungshinweis<\/h3>\n<p>\u00c4nderungen aller Angaben und technischer Daten auf unseren Seiten sind ohne Ank\u00fcndigung m\u00f6glich. Irrtum vorbehalten.<\/p>\n<h3>Datenschutzhinweis<\/h3>\n<p>Sie k\u00f6nnen unsere Website grunds\u00e4tzlich ohne Offenlegung Ihrer pers\u00f6nlichen Daten nutzen. Durch das Aufrufen unserer Seiten werden bei unserem Hostingprovider automatisch Daten gespeichert, wie Ihre IP-Adresse, die Website, von der aus Sie uns besuchen, und die Webseiten, die Sie bei uns besuchen. Diese Daten lassen keine personenbezogene Identifizierung zu und werden grunds\u00e4tzlich nicht an Dritte weitergegeben. Sie k\u00f6nnen von uns zu statistischen Zwecken ausgewertet werden, wobei der einzelne Benutzer jedoch anonym bleibt.<\/p>\n<p>Weitere Informationen finden Sie in unserer <a href=\"_wp_link_placeholder\" data-wplink-edit=\"true\">Datenschutzerkl\u00e4rung<\/a>.<\/p>\n","protected":false},"excerpt":{"rendered":"<p>Die Inhalte dieser Seiten werden Ihnen zum Zwecke der Information zu unseren Produkten und Dienstleistungen zur Verf\u00fcgung gestellt von: MIGATRONIC Schwei\u00dfmaschinen GmbH Sandusweg 12 35435 Wettenberg-Launsbach Deutschland Telefon: +49 641 98284 0 Telefax: +49 641 98284 50 E-Mail: info@migatronic.de Information Vertretungsberechtigte Gesch\u00e4ftsf\u00fchrer: J\u00f8rn Kresten Roed Registergericht: Amtsgericht Gie\u00dfen Registernummer: HRB [&hellip;]<\/p>\n","protected":false},"author":1,"featured_media":0,"parent":0,"menu_order":0,"comment_status":"closed","ping_status":"closed","template":"","meta":{"_acf_changed":false,"footnotes":""},"class_list":["post-1343","page","type-page","status-publish","hentry"],"acf":[],"_links":{"self":[{"href":"https:\/\/cowelder.com\/de\/wp-json\/wp\/v2\/pages\/1343","targetHints":{"allow":["GET"]}}],"collection":[{"href":"https:\/\/cowelder.com\/de\/wp-json\/wp\/v2\/pages"}],"about":[{"href":"https:\/\/cowelder.com\/de\/wp-json\/wp\/v2\/types\/page"}],"author":[{"embeddable":true,"href":"https:\/\/cowelder.com\/de\/wp-json\/wp\/v2\/users\/1"}],"replies":[{"embeddable":true,"href":"https:\/\/cowelder.com\/de\/wp-json\/wp\/v2\/comments?post=1343"}],"version-history":[{"count":7,"href":"https:\/\/cowelder.com\/de\/wp-json\/wp\/v2\/pages\/1343\/revisions"}],"predecessor-version":[{"id":1445,"href":"https:\/\/cowelder.com\/de\/wp-json\/wp\/v2\/pages\/1343\/revisions\/1445"}],"wp:attachment":[{"href":"https:\/\/cowelder.com\/de\/wp-json\/wp\/v2\/media?parent=1343"}],"curies":[{"name":"wp","href":"https:\/\/api.w.org\/{rel}","templated":true}]}}