{"id":1212,"date":"2023-08-30T07:23:37","date_gmt":"2023-08-30T05:23:37","guid":{"rendered":"https:\/\/cowelder.com\/fr\/?page_id=1212"},"modified":"2023-09-28T06:58:34","modified_gmt":"2023-09-28T04:58:34","slug":"politique-de-confidentialite","status":"publish","type":"page","link":"https:\/\/cowelder.com\/fr\/politique-de-confidentialite\/","title":{"rendered":"Politique de confidentialit\u00e9"},"content":{"rendered":"\n<p><strong>Politique de Confidentialit\u00e9 de CoWelder<\/strong><\/p>\n\n\n\n<p><strong>Date d&#8217;entr\u00e9e en vigueur :<\/strong> 25\/05\/2018<\/p>\n\n\n\n<h2 class=\"wp-block-heading\">1. Introduction<\/h2>\n\n\n\n<p>Bienvenue chez CoWelder. Cette Politique de Confidentialit\u00e9 d\u00e9crit les types d&#8217;informations personnelles que nous collectons et comment nous les utilisons, les divulguons et les prot\u00e9geons.<\/p>\n\n\n\n<h2 class=\"wp-block-heading\">2. Responsable du traitement des donn\u00e9es<\/h2>\n\n\n\n<p>Le responsable du traitement des donn\u00e9es de ce site web est :<\/p>\n\n\n\n<p><strong>Migatronic A\/S<\/strong><br>Num\u00e9ro de soci\u00e9t\u00e9 (CVR) : 34485216<br>Aggersundvej 33<br>9690 Fjerritslev<br>Danemark<br>T\u00e9l\u00e9phone : +45 96 500 600<br>Email : <a href=\"mailto:sales@migatronic.dk\">sales@migatronic.dk<\/a><br>Site web : <a href=\"http:\/\/www.migatronic.com\/\" target=\"_blank\" rel=\"noopener\">www.migatronic.com<\/a><\/p>\n\n\n\n<h2 class=\"wp-block-heading\">3. Donn\u00e9es personnelles que nous collectons<\/h2>\n\n\n\n<p>Lorsque vous visitez notre site web ou utilisez nos services, nous pouvons collecter les types de donn\u00e9es personnelles suivants :<\/p>\n\n\n\n<ul class=\"wp-block-list\">\n<li><strong>Informations de contact :<\/strong> Telles que votre nom, adresse \u00e9lectronique, nom de la soci\u00e9t\u00e9 et num\u00e9ro de t\u00e9l\u00e9phone.<\/li>\n\n\n\n<li><strong>Donn\u00e9es d&#8217;utilisation :<\/strong> Informations sur la mani\u00e8re dont vous utilisez notre site web.<\/li>\n\n\n\n<li><strong>Cookies et suivi :<\/strong> Nous utilisons des cookies, Google Analytics, Google Ads, Google Tag Manager, l&#8217;int\u00e9gration Microsoft CRM (Click Dimensions) et Facebook Pixel pour suivre l&#8217;activit\u00e9 des utilisateurs et collecter des donn\u00e9es.<\/li>\n<\/ul>\n\n\n\n<h2 class=\"wp-block-heading\">4. Comment nous utilisons vos donn\u00e9es<\/h2>\n\n\n\n<ul class=\"wp-block-list\">\n<li><strong>Ventes et Support :<\/strong> Pour aider les utilisateurs qui nous contactent via nos formulaires de contact concernant les demandes de vente.<\/li>\n\n\n\n<li><strong>Marketing :<\/strong> Si un consentement sp\u00e9cifique est donn\u00e9, nous utilisons les donn\u00e9es collect\u00e9es (comme les e-mails, les noms, les noms des entreprises) pour commercialiser CoWelder aux utilisateurs.<\/li>\n\n\n\n<li><strong>Exp\u00e9rience utilisateur :<\/strong> Nous analysons les donn\u00e9es des utilisateurs pour am\u00e9liorer l&#8217;exp\u00e9rience utilisateur sur notre site web.<\/li>\n<\/ul>\n\n\n\n<h2 class=\"wp-block-heading\">5. Partage des donn\u00e9es<\/h2>\n\n\n\n<p>Nous partageons les donn\u00e9es des utilisateurs avec des fournisseurs tiers tels que Google (pour Analytics, Ads et Tag Manager), Microsoft CRM (Click Dimensions) et Facebook (Pixel) pour les finalit\u00e9s mentionn\u00e9es ci-dessus.<\/p>\n\n\n\n<h2 class=\"wp-block-heading\">6. Conservation des donn\u00e9es<\/h2>\n\n\n\n<p>Nous conservons les donn\u00e9es des utilisateurs aussi longtemps que n\u00e9cessaire pour remplir les objectifs pour lesquels elles ont \u00e9t\u00e9 collect\u00e9es, ou selon ce que les lois ou r\u00e8glements applicables exigent.<\/p>\n\n\n\n<h2 class=\"wp-block-heading\">7. Droits des utilisateurs<\/h2>\n\n\n\n<p>Les utilisateurs ont le droit de :<\/p>\n\n\n\n<ul class=\"wp-block-list\">\n<li>Acc\u00e9der aux donn\u00e9es personnelles que nous d\u00e9tenons \u00e0 leur sujet.<\/li>\n\n\n\n<li>Demander la correction de toute donn\u00e9e incorrecte ou incompl\u00e8te que nous d\u00e9tenons \u00e0 leur sujet.<\/li>\n\n\n\n<li>Demander la suppression de leurs donn\u00e9es personnelles.<\/li>\n\n\n\n<li>S&#8217;opposer \u00e0 ce que nous traitions leurs donn\u00e9es personnelles.<\/li>\n<\/ul>\n\n\n\n<p>Pour exercer ces droits, les utilisateurs peuvent nous contacter \u00e0 l&#8217;adresse \u00e9lectronique indiqu\u00e9e ci-dessus.<\/p>\n\n\n\n<h2 class=\"wp-block-heading\">8. S\u00e9curit\u00e9 des donn\u00e9es<\/h2>\n\n\n\n<p>Nous prenons des pr\u00e9cautions raisonnables pour prot\u00e9ger les donn\u00e9es des utilisateurs contre l&#8217;acc\u00e8s non autoris\u00e9, la modification, la divulgation ou la destruction.<\/p>\n\n\n\n<h2 class=\"wp-block-heading\">9. Donn\u00e9es des enfants<\/h2>\n\n\n\n<p>Nous ne collectons pas sciemment de donn\u00e9es aupr\u00e8s d&#8217;enfants de moins de 13 ans.<\/p>\n\n\n\n<h2 class=\"wp-block-heading\">10. Transferts internationaux de donn\u00e9es<\/h2>\n\n\n\n<p>Actuellement, nous ne transf\u00e9rons pas de donn\u00e9es personnelles \u00e0 travers les fronti\u00e8res internationales.<\/p>\n\n\n\n<h2 class=\"wp-block-heading\">11. Mises \u00e0 jour de la Politique de Confidentialit\u00e9<\/h2>\n\n\n\n<p>Tout changement que nous apporterons \u00e0 notre politique de confidentialit\u00e9 \u00e0 l&#8217;avenir sera publi\u00e9 sur cette page. Il est conseill\u00e9 aux utilisateurs de consulter r\u00e9guli\u00e8rement cette page pour prendre connaissance des \u00e9ventuels changements.<\/p>\n","protected":false},"excerpt":{"rendered":"<p>Politique de Confidentialit\u00e9 de CoWelder Date d&#8217;entr\u00e9e en vigueur : 25\/05\/2018 1. Introduction Bienvenue chez CoWelder. Cette Politique de Confidentialit\u00e9 d\u00e9crit les types d&#8217;informations personnelles que nous collectons et comment nous les utilisons, les divulguons et les prot\u00e9geons. 2. Responsable du traitement des donn\u00e9es Le responsable du traitement des donn\u00e9es [&hellip;]<\/p>\n","protected":false},"author":1,"featured_media":0,"parent":0,"menu_order":0,"comment_status":"closed","ping_status":"closed","template":"","meta":{"_acf_changed":false,"footnotes":""},"class_list":["post-1212","page","type-page","status-publish","hentry"],"acf":[],"_links":{"self":[{"href":"https:\/\/cowelder.com\/fr\/wp-json\/wp\/v2\/pages\/1212","targetHints":{"allow":["GET"]}}],"collection":[{"href":"https:\/\/cowelder.com\/fr\/wp-json\/wp\/v2\/pages"}],"about":[{"href":"https:\/\/cowelder.com\/fr\/wp-json\/wp\/v2\/types\/page"}],"author":[{"embeddable":true,"href":"https:\/\/cowelder.com\/fr\/wp-json\/wp\/v2\/users\/1"}],"replies":[{"embeddable":true,"href":"https:\/\/cowelder.com\/fr\/wp-json\/wp\/v2\/comments?post=1212"}],"version-history":[{"count":7,"href":"https:\/\/cowelder.com\/fr\/wp-json\/wp\/v2\/pages\/1212\/revisions"}],"predecessor-version":[{"id":1356,"href":"https:\/\/cowelder.com\/fr\/wp-json\/wp\/v2\/pages\/1212\/revisions\/1356"}],"wp:attachment":[{"href":"https:\/\/cowelder.com\/fr\/wp-json\/wp\/v2\/media?parent=1212"}],"curies":[{"name":"wp","href":"https:\/\/api.w.org\/{rel}","templated":true}]}}