{"id":1026,"date":"2023-07-21T16:06:43","date_gmt":"2023-07-21T14:06:43","guid":{"rendered":"https:\/\/cowelder.com\/hu\/?page_id=1026"},"modified":"2023-09-28T07:00:55","modified_gmt":"2023-09-28T05:00:55","slug":"felhasznalasi-feltetelek","status":"publish","type":"page","link":"https:\/\/cowelder.com\/hu\/felhasznalasi-feltetelek\/","title":{"rendered":"Felhaszn\u00e1l\u00e1si felt\u00e9telek"},"content":{"rendered":"","protected":false},"excerpt":{"rendered":"","protected":false},"author":1,"featured_media":0,"parent":0,"menu_order":0,"comment_status":"closed","ping_status":"closed","template":"","meta":{"_acf_changed":false,"footnotes":""},"class_list":["post-1026","page","type-page","status-publish","hentry"],"acf":[],"_links":{"self":[{"href":"https:\/\/cowelder.com\/hu\/wp-json\/wp\/v2\/pages\/1026","targetHints":{"allow":["GET"]}}],"collection":[{"href":"https:\/\/cowelder.com\/hu\/wp-json\/wp\/v2\/pages"}],"about":[{"href":"https:\/\/cowelder.com\/hu\/wp-json\/wp\/v2\/types\/page"}],"author":[{"embeddable":true,"href":"https:\/\/cowelder.com\/hu\/wp-json\/wp\/v2\/users\/1"}],"replies":[{"embeddable":true,"href":"https:\/\/cowelder.com\/hu\/wp-json\/wp\/v2\/comments?post=1026"}],"version-history":[{"count":2,"href":"https:\/\/cowelder.com\/hu\/wp-json\/wp\/v2\/pages\/1026\/revisions"}],"predecessor-version":[{"id":1356,"href":"https:\/\/cowelder.com\/hu\/wp-json\/wp\/v2\/pages\/1026\/revisions\/1356"}],"wp:attachment":[{"href":"https:\/\/cowelder.com\/hu\/wp-json\/wp\/v2\/media?parent=1026"}],"curies":[{"name":"wp","href":"https:\/\/api.w.org\/{rel}","templated":true}]}}