{"id":1212,"date":"2023-08-30T07:23:37","date_gmt":"2023-08-30T05:23:37","guid":{"rendered":"https:\/\/cowelder.com\/hu\/?page_id=1212"},"modified":"2023-09-28T07:40:30","modified_gmt":"2023-09-28T05:40:30","slug":"adatvedelmi-iranyelvek","status":"publish","type":"page","link":"https:\/\/cowelder.com\/hu\/adatvedelmi-iranyelvek\/","title":{"rendered":"Adatv\u00e9delmi ir\u00e1nyelvek"},"content":{"rendered":"\n<p><strong>CoWelder Adatv\u00e9delmi Nyilatkozat<\/strong><\/p>\n\n\n\n<p><strong>\u00c9rv\u00e9nyess\u00e9gi d\u00e1tum:<\/strong> 2018.05.25.<\/p>\n\n\n\n<h2 class=\"wp-block-heading\">1. Bevezet\u00e9s<\/h2>\n\n\n\n<p>\u00dcdv\u00f6z\u00f6lj\u00fck a CoWelder oldal\u00e1n. Ez az Adatv\u00e9delmi Nyilatkozat ismerteti az \u00e1ltalunk gy\u0171jt\u00f6tt szem\u00e9lyes adatok t\u00edpusait \u00e9s azt, hogyan haszn\u00e1ljuk, k\u00f6z\u00f6lj\u00fck \u00e9s v\u00e9dekez\u00fcnk azok ellen.<\/p>\n\n\n\n<h2 class=\"wp-block-heading\">2. Adatkezel\u0151<\/h2>\n\n\n\n<p>Ennek a weboldalnak az adatkezel\u0151je:<\/p>\n\n\n\n<p><strong>Migatronic A\/S<\/strong><br>Regisztr\u00e1ci\u00f3s sz\u00e1m (CVR): 34485216<br>Aggersundvej 33<br>9690 Fjerritslev<br>D\u00e1nia<br>Telefon: +45 96 500 600<br>Email: <a href=\"mailto:sales@migatronic.dk\">sales@migatronic.dk<\/a><br>Weboldal: <a href=\"http:\/\/www.migatronic.com\/\" target=\"_blank\" rel=\"noopener\">www.migatronic.com<\/a><\/p>\n\n\n\n<h2 class=\"wp-block-heading\">3. Gy\u0171jt\u00f6tt szem\u00e9lyes adatok<\/h2>\n\n\n\n<p>Weboldalunk l\u00e1togat\u00e1sa vagy szolg\u00e1ltat\u00e1saink ig\u00e9nybev\u00e9tele sor\u00e1n a k\u00f6vetkez\u0151 szem\u00e9lyes adatokat gy\u0171jthetj\u00fck:<\/p>\n\n\n\n<ul class=\"wp-block-list\">\n<li><strong>Kapcsolattart\u00e1si inform\u00e1ci\u00f3k:<\/strong> Mint p\u00e9ld\u00e1ul a neve, e-mail c\u00edme, c\u00e9gn\u00e9v \u00e9s telefonsz\u00e1ma.<\/li>\n\n\n\n<li><strong>Haszn\u00e1lati adatok:<\/strong> Inform\u00e1ci\u00f3k arr\u00f3l, hogyan haszn\u00e1lja weboldalunkat.<\/li>\n\n\n\n<li><strong>Cookies \u00e9s nyomk\u00f6vet\u00e9s:<\/strong> S\u00fctiket, Google Analytics-et, Google Ads-et, Google Tag Managert, Microsoft CRM integr\u00e1ci\u00f3t (Click Dimensions) \u00e9s Facebook Pixel-t haszn\u00e1lunk a felhaszn\u00e1l\u00f3i tev\u00e9kenys\u00e9g nyomon k\u00f6vet\u00e9s\u00e9hez \u00e9s adatgy\u0171jt\u00e9shez.<\/li>\n<\/ul>\n\n\n\n<h2 class=\"wp-block-heading\">4. Az \u00d6n adatainak felhaszn\u00e1l\u00e1sa<\/h2>\n\n\n\n<ul class=\"wp-block-list\">\n<li><strong>\u00c9rt\u00e9kes\u00edt\u00e9s \u00e9s t\u00e1mogat\u00e1s:<\/strong> Seg\u00edts\u00e9gny\u00fajt\u00e1s a vel\u00fcnk \u00e9rt\u00e9kes\u00edt\u00e9si k\u00e9relmekkel kapcsolatban kapcsolatba l\u00e9p\u0151 felhaszn\u00e1l\u00f3knak.<\/li>\n\n\n\n<li><strong>Marketing:<\/strong> Ha kifejezett beleegyez\u00e9st adott, a gy\u0171jt\u00f6tt adatokat (mint p\u00e9ld\u00e1ul e-maileket, neveket, c\u00e9gn\u00e9v) a CoWelder felhaszn\u00e1l\u00f3inak marketingj\u00e9hez haszn\u00e1ljuk.<\/li>\n\n\n\n<li><strong>Felhaszn\u00e1l\u00f3i \u00e9lm\u00e9ny:<\/strong> Elemzz\u00fck a felhaszn\u00e1l\u00f3i adatokat, hogy jav\u00edtsuk weboldalunkon a felhaszn\u00e1l\u00f3i \u00e9lm\u00e9nyt.<\/li>\n<\/ul>\n\n\n\n<h2 class=\"wp-block-heading\">5. Adatmegoszt\u00e1s<\/h2>\n\n\n\n<p>Felhaszn\u00e1l\u00f3i adatokat megosztunk harmadik felek szolg\u00e1ltat\u00f3ival, mint p\u00e9ld\u00e1ul Google (Analytics, Ads \u00e9s Tag Manager c\u00e9lj\u00e1b\u00f3l), Microsoft CRM (Click Dimensions) \u00e9s Facebook (Pixel) a fent eml\u00edtett c\u00e9lokra.<\/p>\n\n\n\n<h2 class=\"wp-block-heading\">6. Adatmeg\u0151rz\u00e9s<\/h2>\n\n\n\n<p>A felhaszn\u00e1l\u00f3i adatokat addig \u0151rizz\u00fck meg, ameddig azok gy\u0171jt\u00e9s\u00fck c\u00e9lj\u00e1nak megfelel\u0151en sz\u00fcks\u00e9gesek, vagy amennyiben azt az alkalmazand\u00f3 jogszab\u00e1lyok vagy rendeletek el\u0151\u00edrj\u00e1k.<\/p>\n\n\n\n<h2 class=\"wp-block-heading\">7. Felhaszn\u00e1l\u00f3i jogok<\/h2>\n\n\n\n<p>A felhaszn\u00e1l\u00f3knak jogaik vannak a k\u00f6vetkez\u0151k szerint:<\/p>\n\n\n\n<ul class=\"wp-block-list\">\n<li>El\u00e9rhetik a r\u00f3luk t\u00e1rolt szem\u00e9lyes adatokat.<\/li>\n\n\n\n<li>K\u00e9rhetik a r\u00f3luk t\u00e1rolt helytelen vagy hi\u00e1nyos adatok jav\u00edt\u00e1s\u00e1t.<\/li>\n\n\n\n<li>K\u00e9rhetik szem\u00e9lyes adataik t\u00f6rl\u00e9s\u00e9t.<\/li>\n\n\n\n<li>Ellenkezhetnek szem\u00e9lyes adataik \u00e1ltalunk t\u00f6rt\u00e9n\u0151 feldolgoz\u00e1s\u00e1val.<\/li>\n<\/ul>\n\n\n\n<p>Ezen jogok gyakorl\u00e1s\u00e1hoz a felhaszn\u00e1l\u00f3k a fent megadott e-mail c\u00edmen l\u00e9phetnek kapcsolatba vel\u00fcnk.<\/p>\n\n\n\n<h2 class=\"wp-block-heading\">8. Adatbiztons\u00e1g<\/h2>\n\n\n\n<p>Megfelel\u0151 \u00f3vint\u00e9zked\u00e9seket tessz\u00fcnk annak \u00e9rdek\u00e9ben, hogy megv\u00e9dj\u00fck a felhaszn\u00e1l\u00f3i adatokat a jogosulatlan hozz\u00e1f\u00e9r\u00e9st\u0151l, m\u00f3dos\u00edt\u00e1st\u00f3l, k\u00f6zz\u00e9t\u00e9telt\u0151l vagy megsemmis\u00edt\u00e9st\u0151l.<\/p>\n\n\n\n<h2 class=\"wp-block-heading\">9. Gyermekadatok<\/h2>\n\n\n\n<p>Nem gy\u0171jt\u00fcnk tudatosan adatokat 13 \u00e9v alatti gyermekekt\u0151l.<\/p>\n\n\n\n<h2 class=\"wp-block-heading\">10. Nemzetk\u00f6zi adat\u00e1tvitel<\/h2>\n\n\n\n<p>Jelenleg nem tov\u00e1bb\u00edtunk szem\u00e9lyes adatokat nemzetk\u00f6zi hat\u00e1rokon \u00e1t.<\/p>\n\n\n\n<h2 class=\"wp-block-heading\">11. A Adatv\u00e9delmi Nyilatkozat friss\u00edt\u00e9sei<\/h2>\n\n\n\n<p>B\u00e1rmilyen v\u00e1ltoz\u00e1st, amit a j\u00f6v\u0151ben az adatv\u00e9delmi nyilatkozatunkban eszk\u00f6z\u00f6l\u00fcnk, ezen az oldalon tesz\u00fcnk k\u00f6zz\u00e9. A felhaszn\u00e1l\u00f3kat arra \u00f6szt\u00f6n\u00f6zz\u00fck, hogy rendszeresen ellen\u0151rizz\u00e9k ezt az oldalt az esetleges v\u00e1ltoz\u00e1sok \u00e9rdek\u00e9ben.<\/p>\n","protected":false},"excerpt":{"rendered":"<p>CoWelder Adatv\u00e9delmi Nyilatkozat \u00c9rv\u00e9nyess\u00e9gi d\u00e1tum: 2018.05.25. 1. Bevezet\u00e9s \u00dcdv\u00f6z\u00f6lj\u00fck a CoWelder oldal\u00e1n. Ez az Adatv\u00e9delmi Nyilatkozat ismerteti az \u00e1ltalunk gy\u0171jt\u00f6tt szem\u00e9lyes adatok t\u00edpusait \u00e9s azt, hogyan haszn\u00e1ljuk, k\u00f6z\u00f6lj\u00fck \u00e9s v\u00e9dekez\u00fcnk azok ellen. 2. Adatkezel\u0151 Ennek a weboldalnak az adatkezel\u0151je: Migatronic A\/SRegisztr\u00e1ci\u00f3s sz\u00e1m (CVR): 34485216Aggersundvej 339690 FjerritslevD\u00e1niaTelefon: +45 96 500 600Email: [&hellip;]<\/p>\n","protected":false},"author":1,"featured_media":0,"parent":0,"menu_order":0,"comment_status":"closed","ping_status":"closed","template":"","meta":{"_acf_changed":false,"footnotes":""},"class_list":["post-1212","page","type-page","status-publish","hentry"],"acf":[],"_links":{"self":[{"href":"https:\/\/cowelder.com\/hu\/wp-json\/wp\/v2\/pages\/1212","targetHints":{"allow":["GET"]}}],"collection":[{"href":"https:\/\/cowelder.com\/hu\/wp-json\/wp\/v2\/pages"}],"about":[{"href":"https:\/\/cowelder.com\/hu\/wp-json\/wp\/v2\/types\/page"}],"author":[{"embeddable":true,"href":"https:\/\/cowelder.com\/hu\/wp-json\/wp\/v2\/users\/1"}],"replies":[{"embeddable":true,"href":"https:\/\/cowelder.com\/hu\/wp-json\/wp\/v2\/comments?post=1212"}],"version-history":[{"count":7,"href":"https:\/\/cowelder.com\/hu\/wp-json\/wp\/v2\/pages\/1212\/revisions"}],"predecessor-version":[{"id":1357,"href":"https:\/\/cowelder.com\/hu\/wp-json\/wp\/v2\/pages\/1212\/revisions\/1357"}],"wp:attachment":[{"href":"https:\/\/cowelder.com\/hu\/wp-json\/wp\/v2\/media?parent=1212"}],"curies":[{"name":"wp","href":"https:\/\/api.w.org\/{rel}","templated":true}]}}